{"id":58,"date":"2023-08-08T07:30:25","date_gmt":"2023-08-08T07:30:25","guid":{"rendered":"https:\/\/shtheme.com\/demosd\/mivaan\/?page_id=58"},"modified":"2025-06-25T11:06:30","modified_gmt":"2025-06-25T11:06:30","slug":"faq","status":"publish","type":"page","link":"https:\/\/procare-group.com\/fr\/faq\/","title":{"rendered":"Faq"},"content":{"rendered":"<div data-elementor-type=\"wp-page\" data-elementor-id=\"58\" class=\"elementor elementor-58\" data-elementor-post-type=\"page\">\n\t\t\t\t<div class=\"elementor-element elementor-element-257c70a e-flex e-con-boxed wpr-particle-no wpr-jarallax-no wpr-parallax-no wpr-sticky-section-no e-con e-parent\" data-id=\"257c70a\" data-element_type=\"container\" data-settings=\"{&quot;background_background&quot;:&quot;classic&quot;,&quot;ekit_has_onepagescroll_dot&quot;:&quot;yes&quot;}\">\n\t\t\t\t\t<div class=\"e-con-inner\">\n\t\t<div class=\"elementor-element elementor-element-61611de e-con-full e-flex wpr-particle-no wpr-jarallax-no wpr-parallax-no wpr-sticky-section-no e-con e-child\" data-id=\"61611de\" data-element_type=\"container\" data-settings=\"{&quot;ekit_has_onepagescroll_dot&quot;:&quot;yes&quot;}\">\n\t\t\t\t<div class=\"elementor-element elementor-element-a30895c elementor-widget elementor-widget-image\" data-id=\"a30895c\" data-element_type=\"widget\" data-settings=\"{&quot;ekit_we_effect_on&quot;:&quot;none&quot;}\" data-widget_type=\"image.default\">\n\t\t\t\t<div class=\"elementor-widget-container\">\n\t\t\t\t\t\t\t\t\t\t\t\t\t\t\t<img decoding=\"async\" width=\"61\" height=\"63\" src=\"https:\/\/procare-group.com\/wp-content\/uploads\/2025\/02\/Vector-2.png\" class=\"attachment-large size-large wp-image-1613\" alt=\"\" \/>\t\t\t\t\t\t\t\t\t\t\t\t\t\t\t<\/div>\n\t\t\t\t<\/div>\n\t\t\t\t<div class=\"elementor-element elementor-element-25f6c9c elementor-widget elementor-widget-heading\" data-id=\"25f6c9c\" data-element_type=\"widget\" data-settings=\"{&quot;ekit_we_effect_on&quot;:&quot;none&quot;}\" data-widget_type=\"heading.default\">\n\t\t\t\t<div class=\"elementor-widget-container\">\n\t\t\t\t\t<h1 class=\"elementor-heading-title elementor-size-default\">FAQ Page<\/h1>\t\t\t\t<\/div>\n\t\t\t\t<\/div>\n\t\t\t\t<\/div>\n\t\t\t\t\t<\/div>\n\t\t\t\t<\/div>\n\t\t\t\t<section class=\"elementor-section elementor-top-section elementor-element elementor-element-bb6a4f0 elementor-section-full_width elementor-section-height-default elementor-section-height-default wpr-particle-no wpr-jarallax-no wpr-parallax-no wpr-sticky-section-no\" data-id=\"bb6a4f0\" data-element_type=\"section\" data-settings=\"{&quot;ekit_has_onepagescroll_dot&quot;:&quot;yes&quot;}\">\n\t\t\t\t\t\t<div class=\"elementor-container elementor-column-gap-no\">\n\t\t\t\t\t<div class=\"elementor-column elementor-col-100 elementor-top-column elementor-element elementor-element-0936f43\" data-id=\"0936f43\" data-element_type=\"column\">\n\t\t\t<div class=\"elementor-widget-wrap elementor-element-populated\">\n\t\t\t\t\t\t<div class=\"elementor-element elementor-element-53c189c elementor-align-left elementor-widget elementor-widget-mivaan-faq\" data-id=\"53c189c\" data-element_type=\"widget\" data-settings=\"{&quot;ekit_we_effect_on&quot;:&quot;none&quot;}\" data-widget_type=\"mivaan-faq.default\">\n\t\t\t\t<div class=\"elementor-widget-container\">\n\t\t\t\t\t\t\t<section class=\"faq-area pt-110\">\r\n\t\t\t<div class=\"container\">\r\n\t\t\t\t<div class=\"row\">\r\n\t\t\t\t\t<div class=\"col-lg-6\">\r\n\t\t\t\t\t\t<div class=\"section-title\">\r\n\t\t\t\t\t\t\t\t\t\t\t\t\t\t<h3>Faq &amp; Answer<\/h3>\r\n\t\t\t\t\t\t\t\t\t\t\t\t\t\t\t\t\t\t\t\t\t<h2 class=\"pb-0 text-capitalize\">frequency and questions We can Provide.<\/h2>\r\n\t\t\t\t\t\t\t\t\t\t\t\t\t<\/div>\r\n\t\t\t\t\t\t<div class=\"faq-image pt-40\">\r\n\t\t\t\t\t\t\t<img decoding=\"async\" src=\"https:\/\/shtheme.com\/demosd\/mivaan\/wp-content\/uploads\/2023\/10\/faq1.png\" alt=\"faq\">\r\n\t\t\t\t\t\t<\/div>\r\n\t\t\t\t\t<\/div>\r\n\t\t\t\t\t<div class=\"col-lg-6\">\r\n\t\t\t\t\t\t<div class=\"accordion faq-custom\" id=\"faqAccordion\">\r\n\t\t\t\t\t\t\t\t\t\t\t\t\t\t\t\t\t\t\t\t\t<div class=\"accordion-item\">\r\n\t\t\t\t\t\t\t\t<h2 class=\"accordion-header\" id=\"heading1\">\r\n\t\t\t\t\t\t\t\t\t<button class=\"accordion-button\" type=\"button\" data-bs-toggle=\"collapse\"\r\n\t\t\t\t\t\t\t\t\t\tdata-bs-target=\"#collapse1\" aria-expanded=\"true\" aria-controls=\"collapse1\">\r\n\t\t\t\t\t\t\t\t\t\tWhat types of products do you offer? \r\n\t\t\t\t\t\t\t\t\t<\/button>\r\n\t\t\t\t\t\t\t\t<\/h2>\r\n\t\t\t\t\t\t\t\t<div id=\"collapseOne\" class=\"accordion-collapse collapse show\" aria-labelledby=\"heading1\"\r\n\t\t\t\t\t\t\t\t\tdata-bs-parent=\"#faqAccordion\">\r\n\t\t\t\t\t\t\t\t\t<div class=\"accordion-body\">\r\n\t\t\t\t\t\t\t\t\t\tWe provide a wide range of medical consumables, cosmetics, dietary supplements, herbal products, and parapharmaceutical items. All our products are carefully selected to meet international quality standards. \r\n\t\t\t\t\t\t\t\t\t<\/div>\r\n\t\t\t\t\t\t\t\t<\/div>\r\n\t\t\t\t\t\t\t<\/div>\r\n\t\t\t\t\t\t\t\t\t\t\t\t\t\t\t\t\t\t\t\t\t\t\t\t\t\t\t\t<div class=\"accordion-item\">\r\n\t\t\t\t\t\t\t\t<h2 class=\"accordion-header\" id=\"heading2\">\r\n\t\t\t\t\t\t\t\t\t<button class=\"accordion-button\" type=\"button\" data-bs-toggle=\"collapse\"\r\n\t\t\t\t\t\t\t\t\t\tdata-bs-target=\"#collapse2\" aria-expanded=\"true\" aria-controls=\"collapse2\">\r\n\t\t\t\t\t\t\t\t\t\tWhere are you located? \r\n\t\t\t\t\t\t\t\t\t<\/button>\r\n\t\t\t\t\t\t\t\t<\/h2>\r\n\t\t\t\t\t\t\t\t<div id=\"collapseOne\" class=\"accordion-collapse collapse\" aria-labelledby=\"heading2\"\r\n\t\t\t\t\t\t\t\t\tdata-bs-parent=\"#faqAccordion\">\r\n\t\t\t\t\t\t\t\t\t<div class=\"accordion-body\">\r\n\t\t\t\t\t\t\t\t\t\tWe are based in Cotonou, Benin, but we operate across several countries in West and Central Africa through strategic partnerships, especially with VALTEO. \r\n\t\t\t\t\t\t\t\t\t<\/div>\r\n\t\t\t\t\t\t\t\t<\/div>\r\n\t\t\t\t\t\t\t<\/div>\r\n\t\t\t\t\t\t\t\t\t\t\t\t\t\t\t\t\t\t\t\t\t\t\t\t\t\t\t\t<div class=\"accordion-item\">\r\n\t\t\t\t\t\t\t\t<h2 class=\"accordion-header\" id=\"heading3\">\r\n\t\t\t\t\t\t\t\t\t<button class=\"accordion-button\" type=\"button\" data-bs-toggle=\"collapse\"\r\n\t\t\t\t\t\t\t\t\t\tdata-bs-target=\"#collapse3\" aria-expanded=\"true\" aria-controls=\"collapse3\">\r\n\t\t\t\t\t\t\t\t\t\tDo you offer after-sales services? \r\n\t\t\t\t\t\t\t\t\t<\/button>\r\n\t\t\t\t\t\t\t\t<\/h2>\r\n\t\t\t\t\t\t\t\t<div id=\"collapseOne\" class=\"accordion-collapse collapse\" aria-labelledby=\"heading3\"\r\n\t\t\t\t\t\t\t\t\tdata-bs-parent=\"#faqAccordion\">\r\n\t\t\t\t\t\t\t\t\t<div class=\"accordion-body\">\r\n\t\t\t\t\t\t\t\t\t\tYes. We handle equipment installation, train your staff, and ensure maintenance and spare parts availability for the long-term performance of your devices. \r\n\t\t\t\t\t\t\t\t\t<\/div>\r\n\t\t\t\t\t\t\t\t<\/div>\r\n\t\t\t\t\t\t\t<\/div>\r\n\t\t\t\t\t\t\t\t\t\t\t\t\t\t\t\t\t\t\t\t\t\t\t\t\t\t\t\t<div class=\"accordion-item\">\r\n\t\t\t\t\t\t\t\t<h2 class=\"accordion-header\" id=\"heading4\">\r\n\t\t\t\t\t\t\t\t\t<button class=\"accordion-button\" type=\"button\" data-bs-toggle=\"collapse\"\r\n\t\t\t\t\t\t\t\t\t\tdata-bs-target=\"#collapse4\" aria-expanded=\"true\" aria-controls=\"collapse4\">\r\n\t\t\t\t\t\t\t\t\t\tCan you help with financing solutions? \r\n\t\t\t\t\t\t\t\t\t<\/button>\r\n\t\t\t\t\t\t\t\t<\/h2>\r\n\t\t\t\t\t\t\t\t<div id=\"collapseOne\" class=\"accordion-collapse collapse\" aria-labelledby=\"heading4\"\r\n\t\t\t\t\t\t\t\t\tdata-bs-parent=\"#faqAccordion\">\r\n\t\t\t\t\t\t\t\t\t<div class=\"accordion-body\">\r\n\t\t\t\t\t\t\t\t\t\tAbsolutely. We work with international financial institutions and export credit agencies (ECA) to provide tailored financing options for your projects. \r\n\t\t\t\t\t\t\t\t\t<\/div>\r\n\t\t\t\t\t\t\t\t<\/div>\r\n\t\t\t\t\t\t\t<\/div>\r\n\t\t\t\t\t\t\t\t\t\t\t\t\t\t\t\t\t\t\t\t\t\t\t\t\t\t\t\t<div class=\"accordion-item\">\r\n\t\t\t\t\t\t\t\t<h2 class=\"accordion-header\" id=\"heading5\">\r\n\t\t\t\t\t\t\t\t\t<button class=\"accordion-button\" type=\"button\" data-bs-toggle=\"collapse\"\r\n\t\t\t\t\t\t\t\t\t\tdata-bs-target=\"#collapse5\" aria-expanded=\"true\" aria-controls=\"collapse5\">\r\n\t\t\t\t\t\t\t\t\t\tWho are your typical clients? \r\n\t\t\t\t\t\t\t\t\t<\/button>\r\n\t\t\t\t\t\t\t\t<\/h2>\r\n\t\t\t\t\t\t\t\t<div id=\"collapseOne\" class=\"accordion-collapse collapse\" aria-labelledby=\"heading5\"\r\n\t\t\t\t\t\t\t\t\tdata-bs-parent=\"#faqAccordion\">\r\n\t\t\t\t\t\t\t\t\t<div class=\"accordion-body\">\r\n\t\t\t\t\t\t\t\t\t\tWe serve public institutions, private healthcare facilities, NGOs, and government ministries, delivering reliable and high-quality medical solutions. \r\n\t\t\t\t\t\t\t\t\t<\/div>\r\n\t\t\t\t\t\t\t\t<\/div>\r\n\t\t\t\t\t\t\t<\/div>\r\n\t\t\t\t\t\t\t\t\t\t\t\t\t\t\t\t\t\t\t\t\t\t\t\t\t\t\t\t<div class=\"accordion-item\">\r\n\t\t\t\t\t\t\t\t<h2 class=\"accordion-header\" id=\"heading6\">\r\n\t\t\t\t\t\t\t\t\t<button class=\"accordion-button\" type=\"button\" data-bs-toggle=\"collapse\"\r\n\t\t\t\t\t\t\t\t\t\tdata-bs-target=\"#collapse6\" aria-expanded=\"true\" aria-controls=\"collapse6\">\r\n\t\t\t\t\t\t\t\t\t\tHow long does delivery take? \r\n\t\t\t\t\t\t\t\t\t<\/button>\r\n\t\t\t\t\t\t\t\t<\/h2>\r\n\t\t\t\t\t\t\t\t<div id=\"collapseOne\" class=\"accordion-collapse collapse\" aria-labelledby=\"heading6\"\r\n\t\t\t\t\t\t\t\t\tdata-bs-parent=\"#faqAccordion\">\r\n\t\t\t\t\t\t\t\t\t<div class=\"accordion-body\">\r\n\t\t\t\t\t\t\t\t\t\tDelivery times depend on the type of order and destination. However, we strive to offer clear timelines and ensure prompt delivery. \r\n\t\t\t\t\t\t\t\t\t<\/div>\r\n\t\t\t\t\t\t\t\t<\/div>\r\n\t\t\t\t\t\t\t<\/div>\r\n\t\t\t\t\t\t\t\t\t\t\t\t\t\t\t\t\t\t\t\t\t\t\t\t\t\t\t\t<div class=\"accordion-item\">\r\n\t\t\t\t\t\t\t\t<h2 class=\"accordion-header\" id=\"heading7\">\r\n\t\t\t\t\t\t\t\t\t<button class=\"accordion-button\" type=\"button\" data-bs-toggle=\"collapse\"\r\n\t\t\t\t\t\t\t\t\t\tdata-bs-target=\"#collapse7\" aria-expanded=\"true\" aria-controls=\"collapse7\">\r\n\t\t\t\t\t\t\t\t\t\tHow can I request a quote or place an order? \r\n\t\t\t\t\t\t\t\t\t<\/button>\r\n\t\t\t\t\t\t\t\t<\/h2>\r\n\t\t\t\t\t\t\t\t<div id=\"collapseOne\" class=\"accordion-collapse collapse\" aria-labelledby=\"heading7\"\r\n\t\t\t\t\t\t\t\t\tdata-bs-parent=\"#faqAccordion\">\r\n\t\t\t\t\t\t\t\t\t<div class=\"accordion-body\">\r\n\t\t\t\t\t\t\t\t\t\tYou can contact us via our contact form, email, or phone. Our sales team will assist you throughout the entire purchasing process. \r\n\t\t\t\t\t\t\t\t\t<\/div>\r\n\t\t\t\t\t\t\t\t<\/div>\r\n\t\t\t\t\t\t\t<\/div>\r\n\t\t\t\t\t\t\t\t\t\t\t\t\t\t\t\t\t\t\t\t\t\t\t\t\t\t\t\t<div class=\"accordion-item\">\r\n\t\t\t\t\t\t\t\t<h2 class=\"accordion-header\" id=\"heading8\">\r\n\t\t\t\t\t\t\t\t\t<button class=\"accordion-button\" type=\"button\" data-bs-toggle=\"collapse\"\r\n\t\t\t\t\t\t\t\t\t\tdata-bs-target=\"#collapse8\" aria-expanded=\"true\" aria-controls=\"collapse8\">\r\n\t\t\t\t\t\t\t\t\t\tWhy choose ProCare Group? \r\n\t\t\t\t\t\t\t\t\t<\/button>\r\n\t\t\t\t\t\t\t\t<\/h2>\r\n\t\t\t\t\t\t\t\t<div id=\"collapseOne\" class=\"accordion-collapse collapse\" aria-labelledby=\"heading8\"\r\n\t\t\t\t\t\t\t\t\tdata-bs-parent=\"#faqAccordion\">\r\n\t\t\t\t\t\t\t\t\t<div class=\"accordion-body\">\r\n\t\t\t\t\t\t\t\t\t\tBecause we combine quality, reliability, and a deep understanding of the African market. We deliver customized solutions backed by solid experience and long-term partnerships. \r\n\t\t\t\t\t\t\t\t\t<\/div>\r\n\t\t\t\t\t\t\t\t<\/div>\r\n\t\t\t\t\t\t\t<\/div>\r\n\t\t\t\t\t\t\t\t\t\t\t\t\t\t\t\t\t\t\t\t<\/div>\r\n\t\t\t\t\t<\/div>\r\n\t\t\t\t<\/div>\r\n\t\t\t<\/div>\r\n\t\t<\/section>\r\n\t\t\t\t\t<\/div>\n\t\t\t\t<\/div>\n\t\t\t\t\t<\/div>\n\t\t<\/div>\n\t\t\t\t\t<\/div>\n\t\t<\/section>\n\t\t\t\t<section class=\"elementor-section elementor-top-section elementor-element elementor-element-8dfa376 elementor-section-full_width elementor-section-height-default elementor-section-height-default wpr-particle-no wpr-jarallax-no wpr-parallax-no wpr-sticky-section-no\" data-id=\"8dfa376\" data-element_type=\"section\" data-settings=\"{&quot;ekit_has_onepagescroll_dot&quot;:&quot;yes&quot;}\">\n\t\t\t\t\t\t<div class=\"elementor-container elementor-column-gap-no\">\n\t\t\t\t\t<div class=\"elementor-column elementor-col-100 elementor-top-column elementor-element elementor-element-7cc7bb9\" data-id=\"7cc7bb9\" data-element_type=\"column\">\n\t\t\t<div class=\"elementor-widget-wrap elementor-element-populated\">\n\t\t\t\t\t\t<div class=\"elementor-element elementor-element-d64ba64 elementor-align-left elementor-widget elementor-widget-mivaan-contact\" data-id=\"d64ba64\" data-element_type=\"widget\" data-settings=\"{&quot;ekit_we_effect_on&quot;:&quot;none&quot;}\" data-widget_type=\"mivaan-contact.default\">\n\t\t\t\t<div class=\"elementor-widget-container\">\n\t\t\t\t\t\t\t\t\t<div class=\"contact-area-section\">\r\n\t\t\t\t\t\t<!-- Contact Form -->\r\n\t\t\t<div class=\"container\">\r\n\t\t\t\t<div class=\"row\">\r\n\t\t\t\t\t<div class=\"col-lg-6 col-md-7\">\r\n\t\t\t\t\t\t<div class=\"map-contact-form\">\r\n\t\t\t\t\t\t\t<div class=\"contact-form\">\r\n\t\t\t\t\t\t\t\t<div class=\"section-title mb-30\">\r\n\t\t\t\t\t\t\t\t\t<h3>Contact Us<\/h3>\r\n\t\t\t\t\t\t\t\t\t<h2>Have Questions? <br> Get in Touch!<\/h2>\r\n\t\t\t\t\t\t\t\t<\/div>\r\n\t\t\t\t\t\t\t\t\n<div class=\"wpcf7 no-js\" id=\"wpcf7-f88-o1\" lang=\"en-US\" dir=\"ltr\" data-wpcf7-id=\"88\">\n<div class=\"screen-reader-response\"><p role=\"status\" aria-live=\"polite\" aria-atomic=\"true\"><\/p> <ul><\/ul><\/div>\n<form action=\"\/fr\/wp-json\/wp\/v2\/pages\/58#wpcf7-f88-o1\" method=\"post\" class=\"wpcf7-form init\" aria-label=\"Contact form\" novalidate=\"novalidate\" data-status=\"init\" data-trp-original-action=\"\/fr\/wp-json\/wp\/v2\/pages\/58#wpcf7-f88-o1\">\n<div style=\"display: none;\">\n<input type=\"hidden\" name=\"_wpcf7\" value=\"88\" \/>\n<input type=\"hidden\" name=\"_wpcf7_version\" value=\"6.0.4\" \/>\n<input type=\"hidden\" name=\"_wpcf7_locale\" value=\"en_US\" \/>\n<input type=\"hidden\" name=\"_wpcf7_unit_tag\" value=\"wpcf7-f88-o1\" \/>\n<input type=\"hidden\" name=\"_wpcf7_container_post\" value=\"0\" \/>\n<input type=\"hidden\" name=\"_wpcf7_posted_data_hash\" value=\"\" \/>\n<\/div>\n<h2>Formulaire de demande de renseignements sur les produits\n<\/h2>\n<p>Lorem ipsum dolor sit amet consectetur. Fames vitae mauris aliquam eget maecenas aliquam euismod purus viverra. Neque sed interdum id sit in.\n<\/p>\n<div class=\"form-field\">\n\t<p><label><span class=\"icon company\"><\/span><span class=\"wpcf7-form-control-wrap company-name\"><input type=\"text\" name=\"company-name\" value=\"\" size=\"40\" class=\"wpcf7-form-control wpcf7-text\" placeholder=\"Nom de l&#039;entreprise\" \/><\/span><\/label>\n\t<\/p>\n<\/div>\n<div class=\"form-field\">\n\t<p><label><span class=\"icon person\"><\/span><span class=\"wpcf7-form-control-wrap contact-name\"><input type=\"text\" name=\"contact-name\" value=\"\" size=\"40\" class=\"wpcf7-form-control wpcf7-text\" placeholder=\"Nom du contact\" \/><\/span><\/label>\n\t<\/p>\n<\/div>\n<div class=\"form-field\">\n\t<p><label><span class=\"icon email\"><\/span><span class=\"wpcf7-form-control-wrap your-email\"><input type=\"email\" name=\"your-email\" value=\"\" size=\"40\" class=\"wpcf7-form-control wpcf7-text wpcf7-email\" placeholder=\"Adresse \u00e9lectronique\" \/><\/span><\/label>\n\t<\/p>\n<\/div>\n<div class=\"form-field\">\n\t<p><label><span class=\"icon phone\"><\/span><span class=\"wpcf7-form-control-wrap your-phone\"><input type=\"tel\" name=\"your-phone\" value=\"\" size=\"40\" class=\"wpcf7-form-control wpcf7-text wpcf7-tel\" placeholder=\"Num\u00e9ro de t\u00e9l\u00e9phone\" \/><\/span><\/label>\n\t<\/p>\n<\/div>\n<div class=\"form-field\">\n\t<p><label><span class=\"icon product\"><\/span><span class=\"wpcf7-form-control-wrap product\"><br \/>\n<select name=\"product\" class=\"wpcf7-form-control wpcf7-select\">\n <option value=\"\">S\u00e9lectionnez le produit pour lequel vous souhaitez obtenir des informations<\/option>\n <option value=\"Product 1\">Produit 1<\/option>\n <option value=\"Product 2\">Produit 2<\/option>\n <option value=\"Product 3\">Produit 3<\/option>\n <\/select><\/span><\/label>\n\t<\/p>\n<\/div>\n<div class=\"form-field\">\n\t<p><label><span class=\"icon inquiry\"><\/span><span class=\"wpcf7-form-control-wrap inquiry-type\"><br \/>\n<select name=\"inquiry-type\" class=\"wpcf7-form-control wpcf7-select\">\n <option value=\"\">S\u00e9lectionner l'enqu\u00eate<\/option>\n <option value=\"Price\">Prix<\/option>\n <option value=\"Features\">Caract\u00e9ristiques<\/option>\n <option value=\"Availability\">Disponibilit\u00e9<\/option>\n <option value=\"Support\">Soutien<\/option>\n <\/select><\/span><\/label>\n\t<\/p>\n<\/div>\n<div class=\"form-field\">\n\t<p><label><span class=\"icon message\"><\/span><span class=\"wpcf7-form-control-wrap your-message\"><textarea name=\"your-message\" cols=\"40\" rows=\"10\" class=\"wpcf7-form-control wpcf7-textarea\" placeholder=\"Message\"><\/textarea><\/span><\/label>\n\t<\/p>\n<\/div>\n<div class=\"form-submit\">\n\t<p><input type=\"submit\" value=\"Soumettre\" class=\"wpcf7-form-control wpcf7-submit\" \/>\n\t<\/p>\n<\/div><div class=\"wpcf7-response-output\" aria-hidden=\"true\"><\/div>\n<input type=\"hidden\" name=\"trp-form-language\" value=\"fr\"\/><\/form>\n<\/div>\n\t\t\t\t\t\t\t<\/div>\r\n\t\t\t\t\t\t<\/div>\r\n\t\t\t\t\t<\/div>\r\n\t\t\t\t<\/div>\r\n\t\t\t<\/div>\r\n\t\t\t\t\t\t\t\t\t<div class=\"contact_map wow fadeInUp\" data-wow-delay=\".3s\">\r\n\t\t\t\t<iframe src=\"https:\/\/www.google.com\/maps\/embed?pb=!1m18!1m12!1m3!1d14606.067929548186!2d90.35101526941573!3d23.764597991679942!2m3!1f0!2f0!3f0!3m2!1i1024!2i768!4f13.1!3m3!1m2!1s0x3755c09f9ba3d447%3A0x1babce9f1c6c95a3!2sMohammadpur%2C%20Dhaka!5e0!3m2!1sen!2sbd!4v1676566132266!5m2!1sen!2sbd\"><\/iframe>\r\n\t\t\t<\/div>\r\n\t\t\t\t\t<\/div>\r\n\t\t\t\t\t\t\t<\/div>\n\t\t\t\t<\/div>\n\t\t\t\t\t<\/div>\n\t\t<\/div>\n\t\t\t\t\t<\/div>\n\t\t<\/section>\n\t\t\t\t<\/div>","protected":false},"excerpt":{"rendered":"<p>FAQ Page Faq &amp; Answer frequency and questions We can Provide. What types of products do you offer? We provide a wide range of medical consumables, cosmetics, dietary supplements, herbal products, and parapharmaceutical items. All our products are carefully selected to meet international quality standards. Where are you located? We are based in Cotonou, Benin, but we operate across several countries in West and Central Africa through strategic partnerships, especially with VALTEO. Do you offer after-sales services? Yes. We handle equipment installation, train your staff, and ensure maintenance and spare parts availability for the long-term performance of your devices. Can you help with financing solutions? Absolutely. We work with international financial institutions and export credit agencies (ECA) to provide tailored financing options for your projects. Who are your typical clients? We serve public institutions, private healthcare facilities, NGOs, and government ministries, delivering reliable and high-quality medical solutions. How long does delivery take? Delivery times depend on the type of order and destination. However, we strive to offer clear timelines and ensure prompt delivery. How can I request a quote or place an order? You can contact us via our contact form, email, or phone. Our sales team will assist you throughout the entire purchasing process. Why choose ProCare Group? Because we combine quality, reliability, and a deep understanding of the African market. We deliver customized solutions backed by solid experience and long-term partnerships. Contact Us Have Questions? Get in Touch! Product Inquiry Form Lorem ipsum dolor sit amet consectetur. Fames vitae mauris aliquam eget maecenas aliquam euismod purus viverra. Neque sed interdum id sit in. Select Product to inquire about Product 1 Product 2 Product 3 Select Inquiry Price Features Availability Support<\/p>","protected":false},"author":8,"featured_media":0,"parent":0,"menu_order":0,"comment_status":"closed","ping_status":"closed","template":"page-templates\/other.php","meta":{"inline_featured_image":false,"_monsterinsights_skip_tracking":false,"_monsterinsights_sitenote_active":false,"_monsterinsights_sitenote_note":"","_monsterinsights_sitenote_category":0,"footnotes":""},"class_list":["post-58","page","type-page","status-publish","hentry"],"acf":[],"_links":{"self":[{"href":"https:\/\/procare-group.com\/fr\/wp-json\/wp\/v2\/pages\/58","targetHints":{"allow":["GET"]}}],"collection":[{"href":"https:\/\/procare-group.com\/fr\/wp-json\/wp\/v2\/pages"}],"about":[{"href":"https:\/\/procare-group.com\/fr\/wp-json\/wp\/v2\/types\/page"}],"author":[{"embeddable":true,"href":"https:\/\/procare-group.com\/fr\/wp-json\/wp\/v2\/users\/8"}],"replies":[{"embeddable":true,"href":"https:\/\/procare-group.com\/fr\/wp-json\/wp\/v2\/comments?post=58"}],"version-history":[{"count":3,"href":"https:\/\/procare-group.com\/fr\/wp-json\/wp\/v2\/pages\/58\/revisions"}],"predecessor-version":[{"id":3983,"href":"https:\/\/procare-group.com\/fr\/wp-json\/wp\/v2\/pages\/58\/revisions\/3983"}],"wp:attachment":[{"href":"https:\/\/procare-group.com\/fr\/wp-json\/wp\/v2\/media?parent=58"}],"curies":[{"name":"wp","href":"https:\/\/api.w.org\/{rel}","templated":true}]}}